{"id":167,"date":"2022-06-13T22:21:34","date_gmt":"2022-06-13T22:21:34","guid":{"rendered":"https:\/\/osopolita.org\/cart\/"},"modified":"2022-07-21T11:37:48","modified_gmt":"2022-07-21T11:37:48","slug":"cart","status":"publish","type":"page","link":"https:\/\/osopolita.org\/eu\/cart\/","title":{"rendered":"Cart"},"content":{"rendered":"\n<p>Debido a la crisis sanitaria del Covid-19, te informamos de que los env\u00edos pueden demorarse m\u00e1s de lo habitual. No obstante, te contactaremos v\u00eda email para facilitarte enlaces de descarga de tu compra, a fin de que la m\u00fasica no deje de acompa\u00f1arte en estos d\u00edas.<\/p>\n\n<p>Eskerrik asko<\/p>\n\n","protected":false},"excerpt":{"rendered":"<p>Debido a la crisis sanitaria del Covid-19, te informamos de que los env\u00edos pueden demorarse m\u00e1s de lo habitual. No obstante, te contactaremos v\u00eda email para [&hellip;]<\/p>\n","protected":false},"author":1,"featured_media":0,"parent":0,"menu_order":0,"comment_status":"closed","ping_status":"closed","template":"","meta":{"footnotes":""},"class_list":["post-167","page","type-page","status-publish","hentry"],"jetpack_sharing_enabled":true,"_links":{"self":[{"href":"https:\/\/osopolita.org\/eu\/wp-json\/wp\/v2\/pages\/167","targetHints":{"allow":["GET"]}}],"collection":[{"href":"https:\/\/osopolita.org\/eu\/wp-json\/wp\/v2\/pages"}],"about":[{"href":"https:\/\/osopolita.org\/eu\/wp-json\/wp\/v2\/types\/page"}],"author":[{"embeddable":true,"href":"https:\/\/osopolita.org\/eu\/wp-json\/wp\/v2\/users\/1"}],"replies":[{"embeddable":true,"href":"https:\/\/osopolita.org\/eu\/wp-json\/wp\/v2\/comments?post=167"}],"version-history":[{"count":1,"href":"https:\/\/osopolita.org\/eu\/wp-json\/wp\/v2\/pages\/167\/revisions"}],"predecessor-version":[{"id":649,"href":"https:\/\/osopolita.org\/eu\/wp-json\/wp\/v2\/pages\/167\/revisions\/649"}],"wp:attachment":[{"href":"https:\/\/osopolita.org\/eu\/wp-json\/wp\/v2\/media?parent=167"}],"curies":[{"name":"wp","href":"https:\/\/api.w.org\/{rel}","templated":true}]}}