{"id":461,"date":"2026-03-06T10:41:16","date_gmt":"2026-03-06T10:41:16","guid":{"rendered":"https:\/\/osopolita.org\/?post_type=product&#038;p=461"},"modified":"2026-03-06T10:41:39","modified_gmt":"2026-03-06T10:41:39","slug":"nacho-vegas-violetica-tote-bag","status":"publish","type":"product","link":"https:\/\/osopolita.org\/eu\/producto\/nacho-vegas-violetica-tote-bag\/","title":{"rendered":"Nacho Vegas &#8211; Viol\u00e9tica (Tote bag)"},"content":{"rendered":"","protected":false},"excerpt":{"rendered":"<p>Bolsa negra con las ilustraciones creadas por Miguel Brieva para el \u00e1lbum\u00a0<em>Viol\u00e9tica<\/em>.<\/p>\n<p>Caracter\u00edsticas: 80% algod\u00f3n reciclado, 20% poli\u00e9ster reciclado, 300 GSM.\u00a0 A dos caras. Medidas: 49 x 37cm. Asas de 70cm.<\/p>\n","protected":false},"featured_media":462,"template":"","meta":[],"product_brand":[],"product_cat":[34],"product_tag":[],"class_list":{"0":"post-461","1":"product","2":"type-product","3":"status-publish","4":"has-post-thumbnail","6":"product_cat-nachovegas","8":"first","9":"instock","10":"taxable","11":"shipping-taxable","12":"product-type-external"},"jetpack_sharing_enabled":true,"_links":{"self":[{"href":"https:\/\/osopolita.org\/eu\/wp-json\/wp\/v2\/product\/461","targetHints":{"allow":["GET"]}}],"collection":[{"href":"https:\/\/osopolita.org\/eu\/wp-json\/wp\/v2\/product"}],"about":[{"href":"https:\/\/osopolita.org\/eu\/wp-json\/wp\/v2\/types\/product"}],"wp:featuredmedia":[{"embeddable":true,"href":"https:\/\/osopolita.org\/eu\/wp-json\/wp\/v2\/media\/462"}],"wp:attachment":[{"href":"https:\/\/osopolita.org\/eu\/wp-json\/wp\/v2\/media?parent=461"}],"wp:term":[{"taxonomy":"product_brand","embeddable":true,"href":"https:\/\/osopolita.org\/eu\/wp-json\/wp\/v2\/product_brand?post=461"},{"taxonomy":"product_cat","embeddable":true,"href":"https:\/\/osopolita.org\/eu\/wp-json\/wp\/v2\/product_cat?post=461"},{"taxonomy":"product_tag","embeddable":true,"href":"https:\/\/osopolita.org\/eu\/wp-json\/wp\/v2\/product_tag?post=461"}],"curies":[{"name":"wp","href":"https:\/\/api.w.org\/{rel}","templated":true}]}}