{"id":4877,"date":"2026-03-06T10:41:13","date_gmt":"2026-03-06T10:41:13","guid":{"rendered":"https:\/\/osopolita.org\/?post_type=product&#038;p=4877"},"modified":"2026-04-28T04:47:08","modified_gmt":"2026-04-28T04:47:08","slug":"nacho-vegas-vidas-semipreciosas-vinilo-pop-up","status":"publish","type":"product","link":"https:\/\/osopolita.org\/eu\/producto\/nacho-vegas-vidas-semipreciosas-vinilo-pop-up\/","title":{"rendered":"Nacho Vegas &#8211; Vidas Semipreciosas (Vinilo Pop Up)"},"content":{"rendered":"<p>Vinilo verde marmolado de Vidas Semipreciosas, el nuevo \u00e1lbum de Nacho Vegas. Edici\u00f3n con funda interior ilustrada por la artista Candela Sierra, Premio Nacional del C\u00f3mic 2025.<\/p>\n","protected":false},"excerpt":{"rendered":"<p>Vinilo verde marmolado de Vidas Semipreciosas, el nuevo \u00e1lbum de Nacho Vegas. Edici\u00f3n con funda interior ilustrada por la artista Candela Sierra, Premio Nacional del C\u00f3mic [&hellip;]<\/p>\n","protected":false},"featured_media":4898,"template":"","meta":[],"product_brand":[],"product_cat":[34,122,127],"product_tag":[],"class_list":{"0":"post-4877","1":"product","2":"type-product","3":"status-publish","4":"has-post-thumbnail","6":"product_cat-nachovegas","7":"product_cat-novedad","8":"product_cat-vinilos","10":"first","11":"instock","12":"taxable","13":"shipping-taxable","14":"purchasable","15":"product-type-simple"},"jetpack_sharing_enabled":true,"_links":{"self":[{"href":"https:\/\/osopolita.org\/eu\/wp-json\/wp\/v2\/product\/4877","targetHints":{"allow":["GET"]}}],"collection":[{"href":"https:\/\/osopolita.org\/eu\/wp-json\/wp\/v2\/product"}],"about":[{"href":"https:\/\/osopolita.org\/eu\/wp-json\/wp\/v2\/types\/product"}],"wp:featuredmedia":[{"embeddable":true,"href":"https:\/\/osopolita.org\/eu\/wp-json\/wp\/v2\/media\/4898"}],"wp:attachment":[{"href":"https:\/\/osopolita.org\/eu\/wp-json\/wp\/v2\/media?parent=4877"}],"wp:term":[{"taxonomy":"product_brand","embeddable":true,"href":"https:\/\/osopolita.org\/eu\/wp-json\/wp\/v2\/product_brand?post=4877"},{"taxonomy":"product_cat","embeddable":true,"href":"https:\/\/osopolita.org\/eu\/wp-json\/wp\/v2\/product_cat?post=4877"},{"taxonomy":"product_tag","embeddable":true,"href":"https:\/\/osopolita.org\/eu\/wp-json\/wp\/v2\/product_tag?post=4877"}],"curies":[{"name":"wp","href":"https:\/\/api.w.org\/{rel}","templated":true}]}}