{"id":5036,"date":"2026-04-16T07:00:11","date_gmt":"2026-04-16T07:00:11","guid":{"rendered":"https:\/\/osopolita.org\/?post_type=product&#038;p=5036"},"modified":"2026-04-16T11:49:50","modified_gmt":"2026-04-16T11:49:50","slug":"pack-violetica","status":"publish","type":"product","link":"https:\/\/osopolita.org\/eu\/producto\/pack-violetica\/","title":{"rendered":"Pack Viol\u00e9tica"},"content":{"rendered":"<p>\u00a1Aprovecha los descuentos que tenemos para celebrar el Record Store Day! Ll\u00e9vate este incre\u00edble Pack Viol\u00e9tica a un precio rebajado.<\/p>\n","protected":false},"excerpt":{"rendered":"<p>\u00a1Aprovecha los descuentos que tenemos para celebrar el Record Store Day! Ll\u00e9vate este incre\u00edble Pack Viol\u00e9tica a un precio rebajado.<\/p>\n","protected":false},"featured_media":5048,"template":"","meta":[],"product_brand":[],"product_cat":[34,122,117,131],"product_tag":[],"class_list":{"0":"post-5036","1":"product","2":"type-product","3":"status-publish","4":"has-post-thumbnail","6":"product_cat-nachovegas","7":"product_cat-novedad","8":"product_cat-oso-polita","9":"product_cat-packs","11":"first","12":"instock","13":"sale","14":"taxable","15":"shipping-taxable","16":"purchasable","17":"product-type-woosb"},"jetpack_sharing_enabled":true,"_links":{"self":[{"href":"https:\/\/osopolita.org\/eu\/wp-json\/wp\/v2\/product\/5036","targetHints":{"allow":["GET"]}}],"collection":[{"href":"https:\/\/osopolita.org\/eu\/wp-json\/wp\/v2\/product"}],"about":[{"href":"https:\/\/osopolita.org\/eu\/wp-json\/wp\/v2\/types\/product"}],"wp:featuredmedia":[{"embeddable":true,"href":"https:\/\/osopolita.org\/eu\/wp-json\/wp\/v2\/media\/5048"}],"wp:attachment":[{"href":"https:\/\/osopolita.org\/eu\/wp-json\/wp\/v2\/media?parent=5036"}],"wp:term":[{"taxonomy":"product_brand","embeddable":true,"href":"https:\/\/osopolita.org\/eu\/wp-json\/wp\/v2\/product_brand?post=5036"},{"taxonomy":"product_cat","embeddable":true,"href":"https:\/\/osopolita.org\/eu\/wp-json\/wp\/v2\/product_cat?post=5036"},{"taxonomy":"product_tag","embeddable":true,"href":"https:\/\/osopolita.org\/eu\/wp-json\/wp\/v2\/product_tag?post=5036"}],"curies":[{"name":"wp","href":"https:\/\/api.w.org\/{rel}","templated":true}]}}